{"id":1010,"date":"2016-06-24T11:02:23","date_gmt":"2016-06-24T11:02:23","guid":{"rendered":"http:\/\/demo.oceanthemes.net\/archi\/?page_id=1010"},"modified":"2026-03-16T18:15:16","modified_gmt":"2026-03-16T18:15:16","slug":"hizmetler","status":"publish","type":"page","link":"https:\/\/www.onderhan.com\/?page_id=1010","title":{"rendered":"Hizmetler"},"content":{"rendered":"<div class=\"wpb-content-wrapper\"><p>[vc_row fullwidth=&#8221;yes&#8221; css=&#8221;.vc_custom_1466766141111{padding-top: 0px !important;padding-bottom: 0px !important;}&#8221;][vc_column]\t<!-- Element: OT Services List -->\n\t\n\t\t\n\t\t<section class=\"side-bg no-padding service-list\" id=\"section-service-1\">\n\n\t\t\t\n            <div class=\"image-container col-md-5 col-md-offset-7 pull-right right0 hidden-xs\" data-delay=\"0\">\n                <div class=\"background-image\" style=\"background-image:url('https:\/\/www.onderhan.com\/wp-content\/uploads\/2015\/07\/pic_3.jpg');\"><\/div>\n            <\/div>\n\n            <!-- Added this code in 26\/03\/2019 -->\n            <div class=\"visible-xs mb-30\" data-delay=\"0\">\n            \t<img loading=\"lazy\" decoding=\"async\" width=\"800\" height=\"385\" src=\"https:\/\/www.onderhan.com\/wp-content\/uploads\/2015\/07\/pic_3.jpg\" class=\"img-responsive wp-post-image\" alt=\"\" srcset=\"https:\/\/www.onderhan.com\/wp-content\/uploads\/2015\/07\/pic_3.jpg 800w, https:\/\/www.onderhan.com\/wp-content\/uploads\/2015\/07\/pic_3-300x144.jpg 300w, https:\/\/www.onderhan.com\/wp-content\/uploads\/2015\/07\/pic_3-768x370.jpg 768w\" sizes=\"auto, (max-width: 800px) 100vw, 800px\" title=\"pic_3\" \/>            <\/div>\n\t\t\t\n            <div class=\"container\">\n                <div class=\"row\">\n                    <div class=\"inner-padding\">\n                        <div data-wow-delay=\".5s\" class=\"col-md-6 wow fadeInLeft\">\n                            <h3 class=\"id-color\">M\u00fcteahitlik Hizmetleri<\/h3>\n                            <div class=\"service-excerpt\"><p>\u0130n\u015faat projelerinizde uzmanl\u0131kla \u00e7\u00f6z\u00fcmler sunmak i\u00e7in buraday\u0131z. Modern mimarl\u0131k ve m\u00fchendislik ilkelerini en \u00fcst d\u00fczeyde birle\u015ftirerek, hayallerinizdeki yap\u0131lar\u0131 ger\u00e7e\u011fe d\u00f6n\u00fc\u015ft\u00fcrmek i\u00e7in \u00e7al\u0131\u015f\u0131yoruz.<\/p>\n<\/div>\n                            \t\t\t\t\t\t\t\t<div class=\"spacer-single\"><\/div>\n\t                            <a class=\"btn-line\" href=\"https:\/\/www.onderhan.com\/?service=hospitally-design\">Read More<\/a>\n\t\t\t\t\t\t\t                        <\/div>\n                        <div class=\"clearfix\"><\/div>\n                    <\/div>\n                <\/div>\n            <\/div>\n            \n        <\/section>            \n\t\n\t\n\t\t\n\t\t<section class=\"side-bg no-padding service-list\" id=\"section-service-2\">\n\n\t\t\t\t\t\t\n            <div class=\"image-container col-md-5 pull-left hidden-xs\" data-delay=\"0\">\n                <div class=\"background-image\" style=\"background-image:url('https:\/\/www.onderhan.com\/wp-content\/uploads\/2015\/07\/pic_1.jpg');\"><\/div>\n            <\/div>\n\n            <!-- Added this code in 26\/03\/2019 -->\n            <div class=\"visible-xs mb-30\" data-delay=\"0\">\n            \t<img loading=\"lazy\" decoding=\"async\" width=\"800\" height=\"385\" src=\"https:\/\/www.onderhan.com\/wp-content\/uploads\/2015\/07\/pic_1.jpg\" class=\"img-responsive wp-post-image\" alt=\"\" srcset=\"https:\/\/www.onderhan.com\/wp-content\/uploads\/2015\/07\/pic_1.jpg 800w, https:\/\/www.onderhan.com\/wp-content\/uploads\/2015\/07\/pic_1-300x144.jpg 300w, https:\/\/www.onderhan.com\/wp-content\/uploads\/2015\/07\/pic_1-768x370.jpg 768w\" sizes=\"auto, (max-width: 800px) 100vw, 800px\" title=\"pic_1\" \/>            <\/div>\n\t\t\t\n            <div class=\"container\">\n                <div class=\"row\">\n                    <div class=\"inner-padding\">\n                        <div data-wow-delay=\".5s\" class=\"col-md-6 col-md-offset-6 wow fadeInRight\">\n                            <h3 class=\"id-color\">\u0130\u00e7 Mimarl\u0131k Hizmetleri<\/h3>\n                            <div class=\"service-excerpt\"><p>Her mek\u00e2n\u0131n karakterini ve kullan\u0131c\u0131 ihtiya\u00e7lar\u0131n\u0131 en iyi \u015fekilde yans\u0131tmak i\u00e7in buraday\u0131z. Konutlar, ofisler ve i\u015fyerleri i\u00e7in \u00f6zg\u00fcn ve etkileyici i\u00e7 mekanlar tasarlayarak, ya\u015fam alanlar\u0131n\u0131za de\u011fer katmay\u0131 hedefliyoruz.<\/p>\n<\/div>\n                            \t\t\t\t\t\t\t\t<div class=\"spacer-single\"><\/div>\n\t                            <a class=\"btn-line\" href=\"https:\/\/www.onderhan.com\/?service=residential-design\">Read More<\/a>\n\t\t\t\t\t\t\t                        <\/div>\n                        <div class=\"clearfix\"><\/div>\n                    <\/div>\n                <\/div>\n            <\/div>\n\n            \n        <\/section>            \n\t\n\t\n\t\t\n\t\t<section class=\"side-bg no-padding service-list\" id=\"section-service-3\">\n\n\t\t\t\n            <div class=\"image-container col-md-5 col-md-offset-7 pull-right right0 hidden-xs\" data-delay=\"0\">\n                <div class=\"background-image\" style=\"background-image:url('https:\/\/www.onderhan.com\/wp-content\/uploads\/2015\/07\/pic_2.jpg');\"><\/div>\n            <\/div>\n\n            <!-- Added this code in 26\/03\/2019 -->\n            <div class=\"visible-xs mb-30\" data-delay=\"0\">\n            \t<img loading=\"lazy\" decoding=\"async\" width=\"800\" height=\"385\" src=\"https:\/\/www.onderhan.com\/wp-content\/uploads\/2015\/07\/pic_2.jpg\" class=\"img-responsive wp-post-image\" alt=\"\" srcset=\"https:\/\/www.onderhan.com\/wp-content\/uploads\/2015\/07\/pic_2.jpg 800w, https:\/\/www.onderhan.com\/wp-content\/uploads\/2015\/07\/pic_2-300x144.jpg 300w, https:\/\/www.onderhan.com\/wp-content\/uploads\/2015\/07\/pic_2-768x370.jpg 768w\" sizes=\"auto, (max-width: 800px) 100vw, 800px\" title=\"pic_2\" \/>            <\/div>\n\t\t\t\n            <div class=\"container\">\n                <div class=\"row\">\n                    <div class=\"inner-padding\">\n                        <div data-wow-delay=\".5s\" class=\"col-md-6 wow fadeInLeft\">\n                            <h3 class=\"id-color\">Kentsel D\u00f6n\u00fc\u015f\u00fcm Hizmetleri<\/h3>\n                            <div class=\"service-excerpt\"><p>G\u00fcvenli ve sa\u011flam bir gelecek in\u015fa etmek i\u00e7in buraday\u0131z. Depreme haz\u0131rl\u0131k ve kentsel d\u00f6n\u00fc\u015f\u00fcm projeleriyle, ya\u015fad\u0131\u011f\u0131n\u0131z alanlar\u0131 g\u00fcvenli hale getiriyor ve gelecek nesillere sa\u011flam bir miras b\u0131rakmay\u0131 hedefliyoruz.<\/p>\n<\/div>\n                            \t\t\t\t\t\t\t\t<div class=\"spacer-single\"><\/div>\n\t                            <a class=\"btn-line\" href=\"https:\/\/www.onderhan.com\/?service=office-design\">Read More<\/a>\n\t\t\t\t\t\t\t                        <\/div>\n                        <div class=\"clearfix\"><\/div>\n                    <\/div>\n                <\/div>\n            <\/div>\n            \n        <\/section>            \n\t\n\t\n\t\t\n\t\t<section class=\"side-bg no-padding service-list\" id=\"section-service-4\">\n\n\t\t\t\t\t\t\n            <div class=\"image-container col-md-5 pull-left hidden-xs\" data-delay=\"0\">\n                <div class=\"background-image\" style=\"background-image:url('https:\/\/www.onderhan.com\/wp-content\/uploads\/2015\/07\/pic_3.jpg');\"><\/div>\n            <\/div>\n\n            <!-- Added this code in 26\/03\/2019 -->\n            <div class=\"visible-xs mb-30\" data-delay=\"0\">\n            \t<img loading=\"lazy\" decoding=\"async\" width=\"800\" height=\"385\" src=\"https:\/\/www.onderhan.com\/wp-content\/uploads\/2015\/07\/pic_3.jpg\" class=\"img-responsive wp-post-image\" alt=\"\" srcset=\"https:\/\/www.onderhan.com\/wp-content\/uploads\/2015\/07\/pic_3.jpg 800w, https:\/\/www.onderhan.com\/wp-content\/uploads\/2015\/07\/pic_3-300x144.jpg 300w, https:\/\/www.onderhan.com\/wp-content\/uploads\/2015\/07\/pic_3-768x370.jpg 768w\" sizes=\"auto, (max-width: 800px) 100vw, 800px\" title=\"pic_3\" \/>            <\/div>\n\t\t\t\n            <div class=\"container\">\n                <div class=\"row\">\n                    <div class=\"inner-padding\">\n                        <div data-wow-delay=\".5s\" class=\"col-md-6 col-md-offset-6 wow fadeInRight\">\n                            <h3 class=\"id-color\">Proje Y\u00f6netimi<\/h3>\n                            <div class=\"service-excerpt\"><p>\u0130n\u015faat projelerinizde g\u00fcvenilir ve etkili bir \u00e7\u00f6z\u00fcm sunmak i\u00e7in buraday\u0131z. \u0130n\u015faat sekt\u00f6r\u00fcnde y\u0131llar\u0131n deneyimine sahip olan firmam\u0131z, projenizin her a\u015famas\u0131nda size rehberlik etmek ve hedeflerinize ula\u015fman\u0131z\u0131 sa\u011flamak i\u00e7in burada.<\/p>\n<\/div>\n                            \t\t\t\t\t\t\t\t<div class=\"spacer-single\"><\/div>\n\t                            <a class=\"btn-line\" href=\"https:\/\/www.onderhan.com\/?service=commercial-design\">Read More<\/a>\n\t\t\t\t\t\t\t                        <\/div>\n                        <div class=\"clearfix\"><\/div>\n                    <\/div>\n                <\/div>\n            <\/div>\n\n            \n        <\/section>            \n\t\n\t\t\n\n[\/vc_column][\/vc_row]<\/p>\n<\/div>","protected":false},"excerpt":{"rendered":"<p>[vc_row fullwidth=&#8221;yes&#8221; css=&#8221;.vc_custom_1466766141111{padding-top: 0px !important;padding-bottom: 0px !important;}&#8221;][vc_column][\/vc_column][\/vc_row]<\/p>\n","protected":false},"author":1,"featured_media":0,"parent":141,"menu_order":0,"comment_status":"closed","ping_status":"closed","template":"page-templates\/template-fullwidth.php","meta":{"footnotes":""},"class_list":["post-1010","page","type-page","status-publish","hentry"],"_links":{"self":[{"href":"https:\/\/www.onderhan.com\/index.php?rest_route=\/wp\/v2\/pages\/1010","targetHints":{"allow":["GET"]}}],"collection":[{"href":"https:\/\/www.onderhan.com\/index.php?rest_route=\/wp\/v2\/pages"}],"about":[{"href":"https:\/\/www.onderhan.com\/index.php?rest_route=\/wp\/v2\/types\/page"}],"author":[{"embeddable":true,"href":"https:\/\/www.onderhan.com\/index.php?rest_route=\/wp\/v2\/users\/1"}],"replies":[{"embeddable":true,"href":"https:\/\/www.onderhan.com\/index.php?rest_route=%2Fwp%2Fv2%2Fcomments&post=1010"}],"version-history":[{"count":1,"href":"https:\/\/www.onderhan.com\/index.php?rest_route=\/wp\/v2\/pages\/1010\/revisions"}],"predecessor-version":[{"id":1729,"href":"https:\/\/www.onderhan.com\/index.php?rest_route=\/wp\/v2\/pages\/1010\/revisions\/1729"}],"up":[{"embeddable":true,"href":"https:\/\/www.onderhan.com\/index.php?rest_route=\/wp\/v2\/pages\/141"}],"wp:attachment":[{"href":"https:\/\/www.onderhan.com\/index.php?rest_route=%2Fwp%2Fv2%2Fmedia&parent=1010"}],"curies":[{"name":"wp","href":"https:\/\/api.w.org\/{rel}","templated":true}]}}